{"id":1777,"date":"2021-09-08T20:26:51","date_gmt":"2021-09-08T13:26:51","guid":{"rendered":"https:\/\/trithucviet.vn\/?page_id=1777"},"modified":"2024-07-16T22:49:12","modified_gmt":"2024-07-16T15:49:12","slug":"on-va-luyen-thi-toan-ly-hoa","status":"publish","type":"page","link":"https:\/\/giaoducso247.edu.vn\/?page_id=1777","title":{"rendered":"LUY\u1ec6N THI NGH\u1ec6 THU\u1eacT"},"content":{"rendered":"<div class=\"row\"  id=\"row-1125134479\">\n<div class=\"col small-12 large-12\"  ><div class=\"col-inner\"  >\n\t<div class=\"box has-hover box-kh  has-hover box-vertical box-text-bottom\" >\n\n\t\t<div class=\"box-image\" style=\"width:35%;\">\n\t\t\t<a href=\"https:\/\/trithucviet.vn\/danh-muc-khoa-hoc\/hoc-truc-tuyen\/hoc-toan-truc-tuyen\/\"  >\t\t\t<div class=\"\" >\n\t\t\t\t<img loading=\"lazy\" decoding=\"async\" width=\"900\" height=\"900\" src=\"https:\/\/giaoducso247.edu.vn\/wp-content\/uploads\/2021\/09\/avatar-toan.jpg\" class=\"attachment-original size-original\" alt=\"\" srcset=\"https:\/\/giaoducso247.edu.vn\/wp-content\/uploads\/2021\/09\/avatar-toan.jpg 900w, https:\/\/giaoducso247.edu.vn\/wp-content\/uploads\/2021\/09\/avatar-toan-300x300.jpg 300w, https:\/\/giaoducso247.edu.vn\/wp-content\/uploads\/2021\/09\/avatar-toan-100x100.jpg 100w, https:\/\/giaoducso247.edu.vn\/wp-content\/uploads\/2021\/09\/avatar-toan-600x600.jpg 600w, https:\/\/giaoducso247.edu.vn\/wp-content\/uploads\/2021\/09\/avatar-toan-150x150.jpg 150w, https:\/\/giaoducso247.edu.vn\/wp-content\/uploads\/2021\/09\/avatar-toan-768x768.jpg 768w\" sizes=\"(max-width: 900px) 100vw, 900px\" \/>\t\t\t\t\t\t\t\t\t\t\t<\/div>\n\t\t\t<\/a>\t\t<\/div><!-- box-image -->\n\n\t\t<div class=\"box-text text-left\" >\n\t\t\t<div class=\"box-text-inner\">\n\t\t\t\t\n<p class=\"title-kh\"><a href=\"https:\/\/trithucviet.vn\/danh-muc-khoa-hoc\/hoc-truc-tuyen\/hoc-toan-truc-tuyen\/\">Kh\u00f3a \u00f4n luy\u1ec7n thi tr\u1ef1c tuy\u1ebfn m\u00f4n To\u00e1n<\/a><\/p>\n<p class=\"description-kh\">Ch\u01b0\u01a1ng tr\u00ecnh do Trung t\u00e2m \u0111\u00e0o t\u1ea1o SteamEdu ph\u1ed1i h\u1ee3p v\u1edbi c\u00e1c Th\u1ea7y C\u00f4 l\u00e0 gi\u1ea3ng vi\u00ean c\u1ee7a \u0110HQGHN, \u0110HSPHN x\u00e2y d\u1ef1ng. C\u00e1c gi\u1ea3ng vi\u00ean tham gia gi\u1ea3ng d\u1ea1y ch\u01b0\u01a1ng tr\u00ecnh l\u00e0 nh\u1eefng ng\u01b0\u1eddi c\u00f3 ki\u1ebfn th\u1ee9c chuy\u00ean s\u00e2u v\u00e0 nhi\u1ec1u n\u0103m kinh nghi\u1ec7m gi\u1ea3ng d\u1ea1y t\u1ea1i c\u00e1c b\u1eadc ph\u1ed5 th\u00f4ng v\u00e0 kh\u1ed1i c\u00e1c tr\u01b0\u1eddng chuy\u00ean t\u1ea1i H\u00e0 N\u1ed9i.<\/p>\n<a href=\"https:\/\/trithucviet.vn\/danh-muc-khoa-hoc\/hoc-truc-tuyen\/hoc-toan-truc-tuyen\/\" target=\"_self\" class=\"button secondary is-small lowercase\"  style=\"border-radius:4px;\">\n    <span>Xem chi ti\u1ebft<\/span>\n  <\/a>\n\n\t\t\t<\/div><!-- box-text-inner -->\n\t\t<\/div><!-- box-text -->\n\t<\/div><!-- .box  -->\n\t\n\t<div class=\"box has-hover box-kh  has-hover box-vertical box-text-bottom\" >\n\n\t\t<div class=\"box-image\" style=\"width:35%;\">\n\t\t\t<a href=\"https:\/\/trithucviet.vn\/danh-muc-khoa-hoc\/hoc-truc-tuyen\/hoc-ly-truc-tuyen\/\"  >\t\t\t<div class=\"\" >\n\t\t\t\t<img loading=\"lazy\" decoding=\"async\" width=\"900\" height=\"900\" src=\"https:\/\/giaoducso247.edu.vn\/wp-content\/uploads\/2021\/09\/avatar-ly.jpg\" class=\"attachment-original size-original\" alt=\"\" srcset=\"https:\/\/giaoducso247.edu.vn\/wp-content\/uploads\/2021\/09\/avatar-ly.jpg 900w, https:\/\/giaoducso247.edu.vn\/wp-content\/uploads\/2021\/09\/avatar-ly-300x300.jpg 300w, https:\/\/giaoducso247.edu.vn\/wp-content\/uploads\/2021\/09\/avatar-ly-100x100.jpg 100w, https:\/\/giaoducso247.edu.vn\/wp-content\/uploads\/2021\/09\/avatar-ly-600x600.jpg 600w, https:\/\/giaoducso247.edu.vn\/wp-content\/uploads\/2021\/09\/avatar-ly-150x150.jpg 150w, https:\/\/giaoducso247.edu.vn\/wp-content\/uploads\/2021\/09\/avatar-ly-768x768.jpg 768w\" sizes=\"(max-width: 900px) 100vw, 900px\" \/>\t\t\t\t\t\t\t\t\t\t\t<\/div>\n\t\t\t<\/a>\t\t<\/div><!-- box-image -->\n\n\t\t<div class=\"box-text text-left\" >\n\t\t\t<div class=\"box-text-inner\">\n\t\t\t\t\n<p class=\"title-kh\"><a href=\"https:\/\/trithucviet.vn\/danh-muc-khoa-hoc\/hoc-truc-tuyen\/hoc-ly-truc-tuyen\/\">Kh\u00f3a \u00f4n luy\u1ec7n thi tr\u1ef1c tuy\u1ebfn m\u00f4n L\u00fd<\/a><\/p>\n<p class=\"description-kh\">Ch\u01b0\u01a1ng tr\u00ecnh do Trung t\u00e2m \u0111\u00e0o t\u1ea1o SteamEdu ph\u1ed1i h\u1ee3p v\u1edbi c\u00e1c Th\u1ea7y C\u00f4 l\u00e0 gi\u1ea3ng vi\u00ean c\u1ee7a \u0110HQGHN, \u0110HSPHN x\u00e2y d\u1ef1ng. C\u00e1c gi\u1ea3ng vi\u00ean tham gia gi\u1ea3ng d\u1ea1y ch\u01b0\u01a1ng tr\u00ecnh l\u00e0 nh\u1eefng ng\u01b0\u1eddi c\u00f3 ki\u1ebfn th\u1ee9c chuy\u00ean s\u00e2u v\u00e0 nhi\u1ec1u n\u0103m kinh nghi\u1ec7m gi\u1ea3ng d\u1ea1y t\u1ea1i c\u00e1c b\u1eadc ph\u1ed5 th\u00f4ng v\u00e0 kh\u1ed1i c\u00e1c tr\u01b0\u1eddng chuy\u00ean t\u1ea1i H\u00e0 N\u1ed9i.<\/p>\n<a href=\"https:\/\/trithucviet.vn\/danh-muc-khoa-hoc\/hoc-truc-tuyen\/hoc-ly-truc-tuyen\/\" target=\"_self\" class=\"button secondary is-small lowercase\"  style=\"border-radius:4px;\">\n    <span>Xem chi ti\u1ebft<\/span>\n  <\/a>\n\n\t\t\t<\/div><!-- box-text-inner -->\n\t\t<\/div><!-- box-text -->\n\t<\/div><!-- .box  -->\n\t\n\t<div class=\"box has-hover box-kh  has-hover box-vertical box-text-bottom\" >\n\n\t\t<div class=\"box-image\" style=\"width:35%;\">\n\t\t\t<a href=\"https:\/\/trithucviet.vn\/danh-muc-khoa-hoc\/hoc-truc-tuyen\/hoc-hoa-truc-tuyen\/\"  >\t\t\t<div class=\"\" >\n\t\t\t\t<img loading=\"lazy\" decoding=\"async\" width=\"900\" height=\"900\" src=\"https:\/\/giaoducso247.edu.vn\/wp-content\/uploads\/2021\/09\/avatar-hoa.jpg\" class=\"attachment-original size-original\" alt=\"\" srcset=\"https:\/\/giaoducso247.edu.vn\/wp-content\/uploads\/2021\/09\/avatar-hoa.jpg 900w, https:\/\/giaoducso247.edu.vn\/wp-content\/uploads\/2021\/09\/avatar-hoa-300x300.jpg 300w, https:\/\/giaoducso247.edu.vn\/wp-content\/uploads\/2021\/09\/avatar-hoa-100x100.jpg 100w, https:\/\/giaoducso247.edu.vn\/wp-content\/uploads\/2021\/09\/avatar-hoa-600x600.jpg 600w, https:\/\/giaoducso247.edu.vn\/wp-content\/uploads\/2021\/09\/avatar-hoa-150x150.jpg 150w, https:\/\/giaoducso247.edu.vn\/wp-content\/uploads\/2021\/09\/avatar-hoa-768x768.jpg 768w\" sizes=\"(max-width: 900px) 100vw, 900px\" \/>\t\t\t\t\t\t\t\t\t\t\t<\/div>\n\t\t\t<\/a>\t\t<\/div><!-- box-image -->\n\n\t\t<div class=\"box-text text-left\" >\n\t\t\t<div class=\"box-text-inner\">\n\t\t\t\t\n<p class=\"title-kh\"><a href=\"https:\/\/trithucviet.vn\/danh-muc-khoa-hoc\/hoc-truc-tuyen\/hoc-hoa-truc-tuyen\/\">Kh\u00f3a \u00f4n luy\u1ec7n tr\u1ef1c tuy\u1ebfn m\u00f4n H\u00f3a<\/a><\/p>\n<p class=\"description-kh\">Ch\u01b0\u01a1ng tr\u00ecnh do Trung t\u00e2m \u0111\u00e0o t\u1ea1o SteamEdu ph\u1ed1i h\u1ee3p v\u1edbi c\u00e1c Th\u1ea7y C\u00f4 l\u00e0 gi\u1ea3ng vi\u00ean c\u1ee7a \u0110HQGHN, \u0110HSPHN x\u00e2y d\u1ef1ng. C\u00e1c gi\u1ea3ng vi\u00ean tham gia gi\u1ea3ng d\u1ea1y ch\u01b0\u01a1ng tr\u00ecnh l\u00e0 nh\u1eefng ng\u01b0\u1eddi c\u00f3 ki\u1ebfn th\u1ee9c chuy\u00ean s\u00e2u v\u00e0 nhi\u1ec1u n\u0103m kinh nghi\u1ec7m gi\u1ea3ng d\u1ea1y t\u1ea1i c\u00e1c b\u1eadc ph\u1ed5 th\u00f4ng v\u00e0 kh\u1ed1i c\u00e1c tr\u01b0\u1eddng chuy\u00ean t\u1ea1i H\u00e0 N\u1ed9i.<\/p>\n<a href=\"https:\/\/trithucviet.vn\/danh-muc-khoa-hoc\/hoc-truc-tuyen\/hoc-hoa-truc-tuyen\/\" target=\"_self\" class=\"button secondary is-small lowercase\"  style=\"border-radius:4px;\">\n    <span>Xem chi ti\u1ebft<\/span>\n  <\/a>\n\n\t\t\t<\/div><!-- box-text-inner -->\n\t\t<\/div><!-- box-text -->\n\t<\/div><!-- .box  -->\n\t\n<\/div><\/div>\n<\/div>\n","protected":false},"excerpt":{"rendered":"","protected":false},"author":2,"featured_media":0,"parent":0,"menu_order":6,"comment_status":"closed","ping_status":"closed","template":"page-right-sidebar.php","meta":{"_acf_changed":false,"footnotes":""},"yst_prominent_words":[],"acf":[],"_links":{"self":[{"href":"https:\/\/giaoducso247.edu.vn\/index.php?rest_route=\/wp\/v2\/pages\/1777"}],"collection":[{"href":"https:\/\/giaoducso247.edu.vn\/index.php?rest_route=\/wp\/v2\/pages"}],"about":[{"href":"https:\/\/giaoducso247.edu.vn\/index.php?rest_route=\/wp\/v2\/types\/page"}],"author":[{"embeddable":true,"href":"https:\/\/giaoducso247.edu.vn\/index.php?rest_route=\/wp\/v2\/users\/2"}],"replies":[{"embeddable":true,"href":"https:\/\/giaoducso247.edu.vn\/index.php?rest_route=%2Fwp%2Fv2%2Fcomments&post=1777"}],"version-history":[{"count":7,"href":"https:\/\/giaoducso247.edu.vn\/index.php?rest_route=\/wp\/v2\/pages\/1777\/revisions"}],"predecessor-version":[{"id":2940,"href":"https:\/\/giaoducso247.edu.vn\/index.php?rest_route=\/wp\/v2\/pages\/1777\/revisions\/2940"}],"wp:attachment":[{"href":"https:\/\/giaoducso247.edu.vn\/index.php?rest_route=%2Fwp%2Fv2%2Fmedia&parent=1777"}],"wp:term":[{"taxonomy":"yst_prominent_words","embeddable":true,"href":"https:\/\/giaoducso247.edu.vn\/index.php?rest_route=%2Fwp%2Fv2%2Fyst_prominent_words&post=1777"}],"curies":[{"name":"wp","href":"https:\/\/api.w.org\/{rel}","templated":true}]}}