{"id":1855,"date":"2021-09-18T10:59:43","date_gmt":"2021-09-18T03:59:43","guid":{"rendered":"https:\/\/trithucviet.vn\/?post_type=product&#038;p=1855"},"modified":"2025-03-17T11:37:48","modified_gmt":"2025-03-17T04:37:48","slug":"khoa-stem-tri-tue-nhan-tao-ai","status":"publish","type":"product","link":"https:\/\/giaoducso247.edu.vn\/?product=khoa-stem-tri-tue-nhan-tao-ai","title":{"rendered":"Kh\u00f3a STEM \u2013 Tr\u00ed tu\u1ec7 nh\u00e2n t\u1ea1o AI"},"content":{"rendered":"","protected":false},"excerpt":{"rendered":"<p>Kh\u00f3a h\u1ecdc do Trung t\u00e2m \u0111\u00e0o t\u1ea1o v\u00e0 chuy\u1ec3n giao c\u00f4ng ngh\u1ec7 CT&amp;T &#8211; \u0110\u1ea1i h\u1ecdc Qu\u1ed1c Gia H\u00e0 N\u1ed9i (\u0110HQGHN) ph\u1ed1i h\u1ee3p v\u1edbi c\u00e1c Th\u1ea7y C\u00f4 l\u00e0 gi\u1ea3ng vi\u00ean c\u1ee7a \u0110HQGHN x\u00e2y d\u1ef1ng. C\u00e1c gi\u1ea3ng vi\u00ean tham gia gi\u1ea3ng d\u1ea1y kh\u00f3a h\u1ecdc l\u00e0 nh\u1eefng ng\u01b0\u1eddi c\u00f3 ki\u1ebfn th\u1ee9c chuy\u00ean s\u00e2u v\u00e0 nhi\u1ec1u n\u0103m kinh nghi\u1ec7m gi\u1ea3ng d\u1ea1y v\u1ec1 L\u1eadp tr\u00ecnh C\u00f4ng ngh\u1ec7 Th\u00f4ng tin (CNTT), Khoa h\u1ecdc M\u00e1y t\u00ednh, \u0110i\u1ec7n t\u1eed &#8211; T\u1ef1 \u0111\u1ed9ng h\u00f3a &amp; Robot t\u1ea1i Tr\u01b0\u1eddng \u0110\u1ea1i h\u1ecdc C\u00f4ng ngh\u1ec7, \u0110HQGHN &#8211; Tr\u01b0\u1eddng \u0110\u1ea1i h\u1ecdc h\u00e0ng \u0111\u1ea7u Vi\u1ec7t Nam v\u1ec1 L\u1eadp tr\u00ecnh CNTT &#8211; \u0110i\u1ec7n t\u1eed &#8211; T\u1ef1 \u0111\u1ed9ng h\u00f3a &amp; Robot.<\/p>\n","protected":false},"featured_media":1764,"comment_status":"open","ping_status":"closed","template":"","meta":{"_acf_changed":false},"product_cat":[187,15],"product_tag":[],"yst_prominent_words":[],"acf":[],"_links":{"self":[{"href":"https:\/\/giaoducso247.edu.vn\/index.php?rest_route=\/wp\/v2\/product\/1855"}],"collection":[{"href":"https:\/\/giaoducso247.edu.vn\/index.php?rest_route=\/wp\/v2\/product"}],"about":[{"href":"https:\/\/giaoducso247.edu.vn\/index.php?rest_route=\/wp\/v2\/types\/product"}],"replies":[{"embeddable":true,"href":"https:\/\/giaoducso247.edu.vn\/index.php?rest_route=%2Fwp%2Fv2%2Fcomments&post=1855"}],"wp:featuredmedia":[{"embeddable":true,"href":"https:\/\/giaoducso247.edu.vn\/index.php?rest_route=\/wp\/v2\/media\/1764"}],"wp:attachment":[{"href":"https:\/\/giaoducso247.edu.vn\/index.php?rest_route=%2Fwp%2Fv2%2Fmedia&parent=1855"}],"wp:term":[{"taxonomy":"product_cat","embeddable":true,"href":"https:\/\/giaoducso247.edu.vn\/index.php?rest_route=%2Fwp%2Fv2%2Fproduct_cat&post=1855"},{"taxonomy":"product_tag","embeddable":true,"href":"https:\/\/giaoducso247.edu.vn\/index.php?rest_route=%2Fwp%2Fv2%2Fproduct_tag&post=1855"},{"taxonomy":"yst_prominent_words","embeddable":true,"href":"https:\/\/giaoducso247.edu.vn\/index.php?rest_route=%2Fwp%2Fv2%2Fyst_prominent_words&post=1855"}],"curies":[{"name":"wp","href":"https:\/\/api.w.org\/{rel}","templated":true}]}}