{"id":1859,"date":"2021-09-18T11:34:22","date_gmt":"2021-09-18T04:34:22","guid":{"rendered":"https:\/\/trithucviet.vn\/?post_type=product&#038;p=1859"},"modified":"2025-03-17T11:37:31","modified_gmt":"2025-03-17T04:37:31","slug":"lap-trinh-ngon-ngu-python-va-ung-dung","status":"publish","type":"product","link":"https:\/\/giaoducso247.edu.vn\/?product=lap-trinh-ngon-ngu-python-va-ung-dung","title":{"rendered":"L\u1eadp tr\u00ecnh ng\u00f4n ng\u1eef Python v\u00e0 \u1ee9ng d\u1ee5ng"},"content":{"rendered":"","protected":false},"excerpt":{"rendered":"<p>L\u00e0 kh\u00f3a \u0111\u00e0o t\u1ea1o cung c\u1ea5p cho ng\u01b0\u1eddi h\u1ecdc ki\u1ebfn th\u1ee9c, k\u1ef9 n\u0103ng l\u1eadp tr\u00ecnh Python t\u1eeb c\u01a1 b\u1ea3n \u0111\u1ebfn n\u00e2ng cao, ph\u00e1t tri\u1ec3n c\u00e1c \u1ee9ng d\u1ee5ng v\u00e0 \u0111\u1eb7c bi\u1ec7t l\u00e0 gi\u00fap h\u1ecdc vi\u00ean c\u1ee7a Trung t\u00e2m \u0111\u00e0o t\u1ea1o Ct &amp; T s\u1ebd c\u00f3 c\u01a1 h\u1ed9i \u0111\u00f3n \u0111\u1ea7u v\u1ec1 c\u00f4ng ngh\u1ec7 ch\u1ee9 kh\u00f4ng ch\u1ea1y theo s\u1ef1 ph\u00e1t tri\u1ec3n c\u1ee7a c\u00f4ng ngh\u1ec7. Ch\u01b0\u01a1ng tr\u00ecnh \u0111\u00e0o t\u1ea1o l\u1eadp tr\u00ecnh Python \u0111\u01b0\u1ee3c x\u00e2y d\u1ef1ng b\u1edfi \u0111\u1ed9i ng\u0169 gi\u1ea3ng vi\u00ean, chuy\u00ean gia h\u00e0ng \u0111\u1ea7u \u0111ang nghi\u00ean c\u1ee9u v\u00e0 gi\u1ea3ng d\u1ea1y t\u1ea1i \u0110HQGHN v\u00e0 c\u00e1c Tr\u01b0\u1eddng \u0111\u1ea1i h\u1ecdc uy t\u00edn trong v\u00e0 ngo\u00e0i n\u01b0\u1edbc kh\u00e1c<\/p>\n","protected":false},"featured_media":1885,"comment_status":"open","ping_status":"closed","template":"","meta":{"_acf_changed":false},"product_cat":[15,186],"product_tag":[],"yst_prominent_words":[],"acf":[],"_links":{"self":[{"href":"https:\/\/giaoducso247.edu.vn\/index.php?rest_route=\/wp\/v2\/product\/1859"}],"collection":[{"href":"https:\/\/giaoducso247.edu.vn\/index.php?rest_route=\/wp\/v2\/product"}],"about":[{"href":"https:\/\/giaoducso247.edu.vn\/index.php?rest_route=\/wp\/v2\/types\/product"}],"replies":[{"embeddable":true,"href":"https:\/\/giaoducso247.edu.vn\/index.php?rest_route=%2Fwp%2Fv2%2Fcomments&post=1859"}],"wp:featuredmedia":[{"embeddable":true,"href":"https:\/\/giaoducso247.edu.vn\/index.php?rest_route=\/wp\/v2\/media\/1885"}],"wp:attachment":[{"href":"https:\/\/giaoducso247.edu.vn\/index.php?rest_route=%2Fwp%2Fv2%2Fmedia&parent=1859"}],"wp:term":[{"taxonomy":"product_cat","embeddable":true,"href":"https:\/\/giaoducso247.edu.vn\/index.php?rest_route=%2Fwp%2Fv2%2Fproduct_cat&post=1859"},{"taxonomy":"product_tag","embeddable":true,"href":"https:\/\/giaoducso247.edu.vn\/index.php?rest_route=%2Fwp%2Fv2%2Fproduct_tag&post=1859"},{"taxonomy":"yst_prominent_words","embeddable":true,"href":"https:\/\/giaoducso247.edu.vn\/index.php?rest_route=%2Fwp%2Fv2%2Fyst_prominent_words&post=1859"}],"curies":[{"name":"wp","href":"https:\/\/api.w.org\/{rel}","templated":true}]}}