{"id":1870,"date":"2021-09-18T13:47:56","date_gmt":"2021-09-18T06:47:56","guid":{"rendered":"https:\/\/trithucviet.vn\/?post_type=product&#038;p=1870"},"modified":"2024-05-26T14:35:33","modified_gmt":"2024-05-26T07:35:33","slug":"khoa-hoc-on-tap-va-luyen-thi-mon-toan-2","status":"publish","type":"product","link":"https:\/\/giaoducso247.edu.vn\/?product=khoa-hoc-on-tap-va-luyen-thi-mon-toan-2","title":{"rendered":"Kh\u00f3a h\u1ecdc luy\u1ec7n thi c\u1ea5p t\u1ed1c m\u00f4n To\u00e1n v\u00e0o 10"},"content":{"rendered":"<p>Ch\u01b0\u01a1ng tr\u00ecnh do C\u00e2u l\u1ea1c b\u1ed9 Lava.Edu ph\u1ed1i h\u1ee3p v\u1edbi c\u00e1c Th\u1ea7y C\u00f4 l\u00e0 gi\u1ea3ng vi\u00ean c\u1ee7a \u0110HSP x\u00e2y d\u1ef1ng. C\u00e1c gi\u1ea3ng vi\u00ean tham gia gi\u1ea3ng d\u1ea1y ch\u01b0\u01a1ng tr\u00ecnh l\u00e0 nh\u1eefng ng\u01b0\u1eddi c\u00f3 ki\u1ebfn th\u1ee9c chuy\u00ean s\u00e2u v\u00e0 nhi\u1ec1u n\u0103m kinh nghi\u1ec7m gi\u1ea3ng d\u1ea1y t\u1ea1i c\u00e1c b\u1eadc ph\u1ed5 th\u00f4ng v\u00e0 kh\u1ed1i c\u00e1c tr\u01b0\u1eddng chuy\u00ean t\u1ea1i H\u00e0 N\u1ed9i.<\/p>\n","protected":false},"excerpt":{"rendered":"<p>Ch\u01b0\u01a1ng tr\u00ecnh \u0111\u00e0o t\u1ea1o c\u1ee7a Kh\u00f3a h\u1ecdc do \u0111\u1ed9i ng\u0169 chuy\u00ean gia v\u00e0 gi\u00e1o vi\u00ean c\u00f3 ki\u1ebfn th\u1ee9c chuy\u00ean s\u00e2u v\u00e0 nhi\u1ec1u n\u0103m kinh nghi\u1ec7m c\u1ee7a C\u00e2u L\u1ea1c B\u1ed9 LAVA.Edu x\u00e2y d\u1ef1ng.<\/p>\n","protected":false},"featured_media":2841,"comment_status":"open","ping_status":"closed","template":"","meta":{"_acf_changed":false},"product_cat":[188,189,173,15],"product_tag":[],"yst_prominent_words":[],"acf":[],"_links":{"self":[{"href":"https:\/\/giaoducso247.edu.vn\/index.php?rest_route=\/wp\/v2\/product\/1870"}],"collection":[{"href":"https:\/\/giaoducso247.edu.vn\/index.php?rest_route=\/wp\/v2\/product"}],"about":[{"href":"https:\/\/giaoducso247.edu.vn\/index.php?rest_route=\/wp\/v2\/types\/product"}],"replies":[{"embeddable":true,"href":"https:\/\/giaoducso247.edu.vn\/index.php?rest_route=%2Fwp%2Fv2%2Fcomments&post=1870"}],"wp:featuredmedia":[{"embeddable":true,"href":"https:\/\/giaoducso247.edu.vn\/index.php?rest_route=\/wp\/v2\/media\/2841"}],"wp:attachment":[{"href":"https:\/\/giaoducso247.edu.vn\/index.php?rest_route=%2Fwp%2Fv2%2Fmedia&parent=1870"}],"wp:term":[{"taxonomy":"product_cat","embeddable":true,"href":"https:\/\/giaoducso247.edu.vn\/index.php?rest_route=%2Fwp%2Fv2%2Fproduct_cat&post=1870"},{"taxonomy":"product_tag","embeddable":true,"href":"https:\/\/giaoducso247.edu.vn\/index.php?rest_route=%2Fwp%2Fv2%2Fproduct_tag&post=1870"},{"taxonomy":"yst_prominent_words","embeddable":true,"href":"https:\/\/giaoducso247.edu.vn\/index.php?rest_route=%2Fwp%2Fv2%2Fyst_prominent_words&post=1870"}],"curies":[{"name":"wp","href":"https:\/\/api.w.org\/{rel}","templated":true}]}}